{"id":25,"date":"2010-06-06T06:41:16","date_gmt":"2010-06-06T06:41:16","guid":{"rendered":"http:\/\/web.gluosnis.eu\/?page_id=25"},"modified":"2025-08-26T16:41:05","modified_gmt":"2025-08-26T16:41:05","slug":"dnsb-zeimiu-6a-dokumentai","status":"publish","type":"page","link":"https:\/\/gluosnis.eu\/?page_id=25","title":{"rendered":"DNSB 6A dokumentai"},"content":{"rendered":"<p><strong>\u0160ioje skiltyje yra talpinami protokolai, ataskaitos, \u012fsakymai bei kiti bendrijos \u016bkin\u0119 veikl\u0105 \u012ftakojantys dokumentai.<\/strong><\/p>\n<p><a href=\"https:\/\/gluosnis.eu\/wp-content\/uploads\/2025\/08\/2025-08-26-DNSB-Zeimiu-6A-istatai-Patvirtinti-notaro.pdf\">2025-08-26 DNSB \u017deimiu 6A \u012fstatai Patvirtinti notaro<\/a><\/p>\n<p><a href=\"https:\/\/gluosnis.eu\/wp-content\/uploads\/2025\/08\/2025-05-22-Susirinkimo-protokolas.pdf\">2025-05-22 Susirinkimo protokolas<\/a><\/p>\n<p><a href=\"https:\/\/gluosnis.eu\/wp-content\/uploads\/2025\/07\/2025-05-22-DNSB-Zeimiu-6A-ilgalaikis-pastato-prieziuros-planas.pdf\">2025-05-22 DNSB \u017deimi\u0173 6A ilgalaikis pastato prie\u017ei\u016bros planas<\/a><\/p>\n<p><a href=\"https:\/\/gluosnis.eu\/wp-content\/uploads\/2025\/05\/2025-05-06-paaiskinimas-del-mokesciu-skaiciavimo-savivaldybei.pdf\">2025 05 06 paai\u0161kinimas d\u0117l mokes\u010di\u0173 skai\u010diavimo (savivaldybei)<\/a><\/p>\n<p><a href=\"https:\/\/gluosnis.eu\/wp-content\/uploads\/2025\/05\/2025-04-17-Zeimiu-6A-METINE-ATASKAITA.pdf\">2025-04-17 \u017deimi\u0173 6A METIN\u0116 ATASKAITA<\/a><\/p>\n<p><a href=\"https:\/\/gluosnis.eu\/wp-content\/uploads\/2025\/04\/2025-04-02-6A-2024-metu-Finansine-Ataskaita.pdf\">2025-04-02 6A 2024 met\u0173 Finansin\u0117 Ataskaita<\/a><\/p>\n<p><a href=\"https:\/\/gluosnis.eu\/wp-content\/uploads\/2025\/07\/2025-03-30-statinio-patikrinimo-aktas.pdf\">2025-03-30 statinio patikrinimo aktas<\/a><\/p>\n<p><a href=\"https:\/\/gluosnis.eu\/wp-content\/uploads\/2025\/04\/2024-06-11-statinio-patikrinimo-aktas.pdf\">2024-06-11 statinio patikrinimo aktas<\/a><\/p>\n<p><a href=\"https:\/\/gluosnis.eu\/wp-content\/uploads\/2025\/04\/2024-04-19-6A-2023-metu-Finansine-Ataskaita.pdf\">2024-04-19 6A 2023 met\u0173 Finansin\u0117 Ataskaita<\/a><\/p>\n<p><a href=\"https:\/\/gluosnis.eu\/wp-content\/uploads\/2025\/04\/2023-05-02-6A-2022-metu-Finansine-Ataskaita.pdf\">2023-05-02 6A 2022 met\u0173 Finansin\u0117 Ataskaita<\/a><\/p>\n<p><a href=\"https:\/\/gluosnis.eu\/wp-content\/uploads\/2025\/04\/2022-05-20-6A-2021-metu-Finansine-Ataskaita.pdf\">2022-05-20 6A 2021 met\u0173 Finansin\u0117 Ataskaita<\/a><\/p>\n<p><a href=\"https:\/\/gluosnis.eu\/wp-content\/uploads\/2025\/04\/2021-06-29-protokolas-6A-21_2.pdf\">2021-06-29 protokolas 6A 21_2<\/a><\/p>\n<p><a href=\"https:\/\/gluosnis.eu\/wp-content\/uploads\/2021\/07\/2021-06-28-statinio-patikrinimo-aktas.pdf\">2021-06-28 statinio patikrinimo aktas<\/a> <a href=\"https:\/\/gluosnis.eu\/wp-content\/uploads\/2021\/07\/2021-06-28-priedas-nr.1.pdf\">2021-06-28 priedas nr.1<\/a><\/p>\n<p><a href=\"https:\/\/gluosnis.eu\/wp-content\/uploads\/2021\/05\/2021-05-25-6A-2020-metu-Finansine-Ataskaita.pdf\">2021-05-25 6A 2020 met\u0173 Finansin\u0117 Ataskaita<\/a><\/p>\n<p><a href=\"https:\/\/gluosnis.eu\/wp-content\/uploads\/2021\/05\/2021-05-14-protokolas-6A-21_01.pdf\">2021-05-14 protokolas 6A 21_01<\/a><\/p>\n<p><a href=\"https:\/\/gluosnis.eu\/wp-content\/uploads\/2021\/05\/2021-04-15-6A-statinio-apziuros-aktas_-pavasaris.pdf\">2021-04-15 6A statinio ap\u017ei\u016bros aktas_ pavasaris<\/a><\/p>\n<p><a href=\"https:\/\/gluosnis.eu\/wp-content\/uploads\/2021\/06\/2016-12-30-STATINIU-TECHNINES-IR-NAUDOJIMO-PRIEZIUROS-TVARKA-2021-redakcija.pdf\">2016-12-30 STATINI\u0172 TECHNIN\u0116S IR NAUDOJIMO PRIE\u017dI\u016aROS TVARKA (2021 redakcija)<\/a><\/p>\n<p><a href=\"https:\/\/gluosnis.eu\/wp-content\/uploads\/2020\/12\/2020-12-10-6A-2019-metu-Finansine-Ataskaita.pdf\">2020-12-10 6A 2019 met\u0173 Finansin\u0117 Ataskaita<\/a><\/p>\n<p><a href=\"https:\/\/gluosnis.eu\/wp-content\/uploads\/2020\/12\/2020-09-28-hidrauliniai-bandymai-ir-sistemos-plovimas.pdf\">2020-09-28 hidrauliniai bandymai ir sistemos plovimas<\/a><\/p>\n<p><a href=\"https:\/\/gluosnis.eu\/wp-content\/uploads\/2020\/09\/2020-07-23-kelio-\u017eenklas-suderintas.pdf\">2020-07-23 kelio \u017eenklas suderintas<\/a><\/p>\n<p><a href=\"https:\/\/gluosnis.eu\/wp-content\/uploads\/2020\/12\/2019-12-01-39F_Patikrinimo_aktas.pdf\">2019-12-01 39F_Patikrinimo_aktas<\/a><\/p>\n<p><a href=\"https:\/\/gluosnis.eu\/wp-content\/uploads\/2020\/12\/2019-09-18-SI527-MS-E-8779-elektromagnetiniu-bangu-matavimu-protokolas.pdf\">2019-09-18 SI527 MS-E-8779 elektromagnetini\u0173 bang\u0173 matavim\u0173 protokolas<\/a><\/p>\n<p><a href=\"https:\/\/gluosnis.eu\/wp-content\/uploads\/2020\/12\/2019-07-02-6A-2018-metu-Finansine-Ataskaita.pdf\">2019-07-02 6A 2018 met\u0173 Finansin\u0117 Ataskaita<\/a><\/p>\n<p><a href=\"https:\/\/gluosnis.eu\/wp-content\/uploads\/2020\/12\/2018-10-19-6A-2017-metu-Finansine-Ataskaita-1.pdf\">2018-10-19 6A 2017 met\u0173 Finansin\u0117 Ataskaita<\/a><\/p>\n<p><a href=\"https:\/\/gluosnis.eu\/wp-content\/uploads\/2020\/12\/2017-07-21-6A-2016m-Finansine-Ataskaita.pdf\">2017-07-21 6A 2016m Finansin\u0117 Ataskaita<\/a><\/p>\n<p><a href=\"https:\/\/gluosnis.eu\/wp-content\/uploads\/2020\/12\/2016-02-02-bendrijos-DNSB-Zeimiu-6A-Valstybines-energetikos-inspekcijos-patikrinimo-aktas.pdf\">2016-02-02 bendrijos DNSB \u017deimi\u0173 6A Valstybin\u0117s energetikos inspekcijos patikrinimo aktas<\/a><\/p>\n<p><a href=\"https:\/\/gluosnis.eu\/wp-content\/uploads\/2020\/12\/2015-10-30-bendrijos-DNSB-Zeimiu-6A-valdymo-veiklos-patikrinimas.pdf\">2015-10-30 bendrijos DNSB \u017deimi\u0173 6A valdymo veiklos patikrinimas<\/a><\/p>\n<p><a href=\"https:\/\/gluosnis.eu\/wp-content\/uploads\/2020\/12\/2015-08-10-protokolas-nr.30.pdf\">2015-08-10 protokolas nr.30<\/a><\/p>\n<p><a href=\"https:\/\/gluosnis.eu\/wp-content\/uploads\/2020\/12\/2015-03-30-protokolas-nr.29.pdf\">2015-03-30 protokolas nr.29<\/a><\/p>\n<p><a href=\"https:\/\/gluosnis.eu\/wp-content\/uploads\/2020\/12\/2015-03-13-6A-2014metu-Finansine-Ataskaita-revizijos-ataskaita-ukines-veiklos-ataskaita-teikiama-Siauliu-raj.-savivaldybes-auditui.pdf\">2015-03-13 6A 2014met\u0173 Finansin\u0117 Ataskaita, revizijos ataskaita, \u016bkin\u0117s veiklos ataskaita (teikiama \u0160iauli\u0173 raj. savivaldyb\u0117s auditui)<\/a><\/p>\n<p><a href=\"https:\/\/gluosnis.eu\/wp-content\/uploads\/2020\/12\/2015-03-03-protokolas-nr.28.pdf\">2015-03-03 protokolas nr.28<\/a><\/p>\n<p><a href=\"https:\/\/gluosnis.eu\/wp-content\/uploads\/2020\/12\/2015-01-25-6A-2014m-IV-ketvirtis-Finansine-Ataskaita.pdf\">2015-01-25 6A 2014m IV ketvirtis Finansin\u0117 Ataskaita<\/a><\/p>\n<p><a href=\"https:\/\/gluosnis.eu\/wp-content\/uploads\/2020\/12\/2014-11-24-Planuojamu-pajamu-ir-islaidu-2015-metams-skaiciavimai-teikiama-Siauliu-raj.-savivaldybes-auditui.pdf\">2014-11-24 Planuojam\u0173 pajam\u0173 ir i\u0161laid\u0173 2015 metams skai\u010diavimai (teikiama \u0160iauli\u0173 raj. savivaldyb\u0117s auditui)<\/a><\/p>\n<p><a href=\"https:\/\/gluosnis.eu\/wp-content\/uploads\/2020\/12\/2014-10-19-6A-2014m-III-ketvirtis-Finansine-Ataskaita.pdf\">2014-10-19 6A 2014m III ketvirtis Finansin\u0117 Ataskaita<\/a><\/p>\n<p><a href=\"https:\/\/gluosnis.eu\/wp-content\/uploads\/2020\/12\/2014-10-02-protokolas-nr.27.pdf\">2014-10-02 protokolas nr.27<\/a><\/p>\n<p><a href=\"https:\/\/gluosnis.eu\/wp-content\/uploads\/2020\/12\/2014-07-27-6A-2014m-II-ketvirtis-Finansine-Ataskaita.pdf\">2014-07-27 6A 2014m II ketvirtis Finansin\u0117 Ataskaita<\/a><\/p>\n<p><a href=\"https:\/\/gluosnis.eu\/wp-content\/uploads\/2020\/12\/2014-04-14-6A-2014m-I-ketvirtis-Finansine-Ataskaita.pdf\">2014-04-14 6A 2014m I ketvirtis Finansin\u0117 Ataskaita<\/a><\/p>\n<p><a href=\"https:\/\/gluosnis.eu\/wp-content\/uploads\/2020\/12\/2014-04-07-protokolas-nr.26.pdf\">2014-04-07 protokolas nr.26<\/a><\/p>\n<p><a href=\"https:\/\/gluosnis.eu\/wp-content\/uploads\/2020\/12\/2014-03-06-protokolas-nr.25.pdf\">2014-03-06 protokolas nr.25<\/a><\/p>\n<p><a href=\"https:\/\/gluosnis.eu\/wp-content\/uploads\/2020\/12\/2014-01-20-6A-2013metu-Finansine-Ataskaita.pdf\">2014-01-20 6A 2013met\u0173 Finansin\u0117 Ataskaita<\/a><\/p>\n<p><a href=\"https:\/\/gluosnis.eu\/wp-content\/uploads\/2020\/12\/2013-10-01-protokolas-nr.24.pdf\">2013-10-01 protokolas nr.24<\/a><\/p>\n<p><a href=\"https:\/\/gluosnis.eu\/wp-content\/uploads\/2020\/12\/2013-09-26-protokolas-nr.23.pdf\">2013-09-26 protokolas nr.23<\/a><\/p>\n<p><a href=\"https:\/\/gluosnis.eu\/wp-content\/uploads\/2019\/07\/Buto-remonto-pridavimo-registr\u0173-centrui-Deklaracija-AR-2017-11-27.pdf\">Buto remonto pridavimo registr\u0173 centrui Deklaracija AR 2017-11-27<\/a><\/p>\n<p><a href=\"https:\/\/gluosnis.eu\/wp-content\/uploads\/2019\/07\/Zeimiu-g.-6A-Siauliai_bendrojo-naudojimo-objektu-aprasas.pdf\">Zeimiu g. 6A Siauliai_bendrojo naudojimo objektu aprasas<\/a><\/p>\n<p><a href=\"https:\/\/gluosnis.eu\/wp-content\/uploads\/2020\/12\/2012-07-20-6A-2012-II-ketvircio-ataskaita.pdf\">2012-07-20 6A 2012 II ketvir\u010dio ataskaita<\/a><\/p>\n<p><a href=\"https:\/\/gluosnis.eu\/wp-content\/uploads\/2020\/12\/2012-04-10-6A-2012-I-ketvircio-ataskaita.pdf\">2012-04-10 6A 2012 I ketvir\u010dio ataskaita<\/a><\/p>\n<p><a href=\"https:\/\/gluosnis.eu\/wp-content\/uploads\/2020\/12\/2012-02-08-6A-2011m-Finansine-Ataskaita.pdf\">2012-02-08 6A 2011m Finansin\u0117 Ataskaita<\/a><\/p>\n<p><a href=\"https:\/\/gluosnis.eu\/wp-content\/uploads\/2020\/12\/Pastatu-pripazinimas-tinkamais-naudoti-pazyma.pdf\">Pastat\u0173 pripazinimas tinkamais naudoti pa\u017eyma<\/a><\/p>\n<p><a href=\"https:\/\/gluosnis.eu\/wp-content\/uploads\/2020\/12\/2012-04-10-protokolas-nr.19.pdf\">2012-04-10 protokolas nr.19<\/a><\/p>\n<p><a href=\"https:\/\/gluosnis.eu\/wp-content\/uploads\/2020\/12\/2011-11-16-protokolas-nr.18.pdf\">2011-11-16 protokolas nr.18<\/a><\/p>\n<p><a href=\"https:\/\/gluosnis.eu\/wp-content\/uploads\/2020\/12\/2011-10-20-protokolas-nr.17.pdf\">2011-10-20 protokolas nr.17<\/a><\/p>\n<p><a href=\"https:\/\/gluosnis.eu\/wp-content\/uploads\/2020\/12\/2011-05-19-protokolas-nr.16.pdf\">2011-05-19 protokolas nr.16<\/a><\/p>\n<p><a href=\"https:\/\/gluosnis.eu\/wp-content\/uploads\/2020\/12\/2011-03-30-protokolas-nr.15.pdf\">2011-03-30 protokolas nr.15<\/a><\/p>\n<p><a href=\"https:\/\/gluosnis.eu\/wp-content\/uploads\/2020\/12\/2011-01-20-protokolas-nr.14.pdf\">2011-01-20 protokolas nr.14<\/a><\/p>\n<p><a href=\"https:\/\/gluosnis.eu\/wp-content\/uploads\/2020\/12\/2010-10-25-protokolas-nr.13.pdf\">2010-10-25 protokolas nr.13<\/a><\/p>\n<p><a href=\"https:\/\/gluosnis.eu\/wp-content\/uploads\/2020\/12\/2010-04-07-6A-2010m.-I-ket-Finansine-ataskaita.pdf\">2010-04-07 6A 2010m. I ket Finansin\u0117 ataskaita<\/a><\/p>\n<p><a href=\"https:\/\/gluosnis.eu\/wp-content\/uploads\/2020\/12\/2010-02-24-Zeimiu_6a_termonuotrauku_analize.pdf\">2010-02-24 Zeimiu_6a_termonuotrauku_analize<\/a><\/p>\n<p><a href=\"https:\/\/gluosnis.eu\/wp-content\/uploads\/2020\/12\/2010-02-18-protokolas-nr.12.pdf\">2010-02-18 protokolas nr.12<\/a><\/p>\n<p><a href=\"https:\/\/gluosnis.eu\/wp-content\/uploads\/2020\/12\/2010-02-14-6A-2009m-Finansine-Ataskaita.pdf\">2010-02-14 6A 2009m Finansin\u0117 Ataskaita<\/a><\/p>\n<p><a href=\"https:\/\/gluosnis.eu\/wp-content\/uploads\/2020\/12\/2010-01-12-Protokolas-11.pdf\">2010-01-12 Protokolas 11<\/a><\/p>\n<p><a href=\"https:\/\/gluosnis.eu\/wp-content\/uploads\/2020\/12\/2010-01-12-protokolas-nr.10-pakartotiniai-pirmininko-rinkimai.pdf\">2010-01-12 protokolas nr.10 (pakartotiniai pirmininko rinkimai)<\/a><\/p>\n<p><a href=\"https:\/\/gluosnis.eu\/wp-content\/uploads\/2020\/12\/2010-01-10-protokolas-nr.9.pdf\">2010-01-10 protokolas nr.9<\/a><\/p>\n<p><a href=\"https:\/\/gluosnis.eu\/wp-content\/uploads\/2020\/12\/2010-01-10-protokolas-nr.8.pdf\">2010-01-10 protokolas nr.8<\/a><\/p>\n<p><a href=\"https:\/\/gluosnis.eu\/wp-content\/uploads\/2020\/12\/2010-01-10-protokolas-nr.7.pdf\">2010-01-10 protokolas nr.7<\/a><\/p>\n<p><a href=\"https:\/\/gluosnis.eu\/wp-content\/uploads\/2020\/12\/2009-03-15-protokolas-nr.-6.pdf\">2009-03-15 protokolas nr. 6<\/a><\/p>\n<p><a href=\"https:\/\/gluosnis.eu\/wp-content\/uploads\/2020\/12\/2009-01-27-6A-2008m-Finansine-Ataskaita.pdf\">2009-01-27 6A 2008m Finansin\u0117 Ataskaita<\/a><\/p>\n<p><a href=\"https:\/\/gluosnis.eu\/wp-content\/uploads\/2020\/12\/2008-12-22-protokolas-5.1.pdf\">2008-12-22 protokolas 5.1<\/a><\/p>\n<p><a href=\"https:\/\/gluosnis.eu\/wp-content\/uploads\/2020\/12\/2008-06-27-prasymas-priskirti-automobiliu-stovejimo-aikstele.pdf\">2008-06-27 pra\u0161ymas priskirti automobili\u0173 stov\u0117jimo aik\u0161tel\u0119<\/a><\/p>\n<p><a href=\"https:\/\/gluosnis.eu\/wp-content\/uploads\/2020\/12\/2008-01-30-del-skaitikliu-duomenu-perdavimo.pdf\">2008-01-30 d\u0117l skaitikli\u0173 duomen\u0173 perdavimo<\/a><\/p>\n<p><a href=\"https:\/\/gluosnis.eu\/wp-content\/uploads\/2020\/12\/2007-12-16-protokolas-nr.5.pdf\">2007-12-16 protokolas nr.5<\/a><\/p>\n<p><a href=\"https:\/\/gluosnis.eu\/wp-content\/uploads\/2020\/12\/2007-12-16-protokolas-nr.4.pdf\">2007-12-16 protokolas nr.4<\/a><\/p>\n<p><a href=\"https:\/\/gluosnis.eu\/wp-content\/uploads\/2020\/12\/2007-12-16-protokolas-nr.3.pdf\">2007-12-16 protokolas nr.3<\/a><\/p>\n<p><a href=\"https:\/\/gluosnis.eu\/wp-content\/uploads\/2020\/12\/2007-12-16-protokolas-nr.2.pdf\">2007-12-16 protokolas nr.2<\/a><\/p>\n<p><a href=\"https:\/\/gluosnis.eu\/wp-content\/uploads\/2020\/12\/2007-12-06-DNSB-Zeimiu-6A-istatai.pdf\">2007-12-06 DNSB \u017deimi\u0173 6A \u012fstatai<\/a><\/p>\n<p><a href=\"https:\/\/gluosnis.eu\/wp-content\/uploads\/2020\/12\/2007-10-13-protokolas-nr.1-del-bendrijos-steigimo.pdf\">2007-10-13 protokolas nr.1 (d\u0117l bendrijos steigimo)<\/a><\/p>\n\n\n<p><\/p>\n","protected":false},"excerpt":{"rendered":"<p>\u0160ioje skiltyje yra talpinami protokolai, ataskaitos, \u012fsakymai bei kiti bendrijos \u016bkin\u0119 veikl\u0105 \u012ftakojantys dokumentai. 2025-08-26 DNSB \u017deimiu 6A \u012fstatai Patvirtinti notaro 2025-05-22 Susirinkimo protokolas 2025-05-22 DNSB \u017deimi\u0173 6A ilgalaikis pastato prie\u017ei\u016bros planas 2025 05 06 paai\u0161kinimas d\u0117l mokes\u010di\u0173 skai\u010diavimo (savivaldybei) 2025-04-17 \u017deimi\u0173 6A METIN\u0116 ATASKAITA 2025-04-02 6A 2024 met\u0173 Finansin\u0117 Ataskaita 2025-03-30 statinio patikrinimo aktas &hellip; <\/p>\n<p class=\"link-more\"><a href=\"https:\/\/gluosnis.eu\/?page_id=25\" class=\"more-link\">Toliau skaityti<span class=\"screen-reader-text\"> &#8222;DNSB 6A dokumentai&#8221;<\/span><\/a><\/p>\n","protected":false},"author":1,"featured_media":0,"parent":348,"menu_order":3,"comment_status":"closed","ping_status":"closed","template":"","meta":{"footnotes":"","_links_to":"","_links_to_target":""},"class_list":["post-25","page","type-page","status-publish","hentry","gallery-content-unit"],"_links":{"self":[{"href":"https:\/\/gluosnis.eu\/index.php?rest_route=\/wp\/v2\/pages\/25","targetHints":{"allow":["GET"]}}],"collection":[{"href":"https:\/\/gluosnis.eu\/index.php?rest_route=\/wp\/v2\/pages"}],"about":[{"href":"https:\/\/gluosnis.eu\/index.php?rest_route=\/wp\/v2\/types\/page"}],"author":[{"embeddable":true,"href":"https:\/\/gluosnis.eu\/index.php?rest_route=\/wp\/v2\/users\/1"}],"replies":[{"embeddable":true,"href":"https:\/\/gluosnis.eu\/index.php?rest_route=%2Fwp%2Fv2%2Fcomments&post=25"}],"version-history":[{"count":86,"href":"https:\/\/gluosnis.eu\/index.php?rest_route=\/wp\/v2\/pages\/25\/revisions"}],"predecessor-version":[{"id":2335,"href":"https:\/\/gluosnis.eu\/index.php?rest_route=\/wp\/v2\/pages\/25\/revisions\/2335"}],"up":[{"embeddable":true,"href":"https:\/\/gluosnis.eu\/index.php?rest_route=\/wp\/v2\/pages\/348"}],"wp:attachment":[{"href":"https:\/\/gluosnis.eu\/index.php?rest_route=%2Fwp%2Fv2%2Fmedia&parent=25"}],"curies":[{"name":"wp","href":"https:\/\/api.w.org\/{rel}","templated":true}]}}