{"id":2,"date":"2010-06-05T10:38:57","date_gmt":"2010-06-05T10:38:57","guid":{"rendered":"http:\/\/web.gluosnis.eu\/?page_id=2"},"modified":"2025-04-02T21:16:35","modified_gmt":"2025-04-02T21:16:35","slug":"about","status":"publish","type":"page","link":"https:\/\/gluosnis.eu\/?page_id=2","title":{"rendered":"KONTAKTAI"},"content":{"rendered":"<p><strong>DNSB \u017deimi\u0173 6A bendrijos duomenys:<\/strong><\/p>\n<p>Pirmininkas<br \/>K\u0119stutis Palujanskas<br \/>Tel.: 0 666 09990<br \/>e. pa\u0161tas: <span style=\"color: #0000ff;\"><strong>zeimiu6a@gmail.com<\/strong><\/span><\/p>\n<p>\u012emon\u0117s kodas: 301425562<br \/>Atsiskaitomoji s\u0105skaita: LT13 7300 0101 0599 4050<\/p>\n<p>\u00a0<\/p>\n<p>Pastato \u0161ildymo ir kar\u0161to vandens sistem\u0173 prie\u017ei\u016br\u0105 vykdo \u2013 <strong>UAB \u201e\u0160iauli\u0173 administratorius\u201c<\/strong>. Atsakingas asmuo &#8211; Algirdas\u00a0 (telf.: 0-678 49910)<\/p>\n<p>Statinio technin\u0119 prie\u017ei\u016br\u0105 vykdo\u00a0 &#8211; Vilma Mockaitien\u0117 (telf.: 0-615 17402)<\/p>\n\n\n<p><\/p>\n","protected":false},"excerpt":{"rendered":"<p>DNSB \u017deimi\u0173 6A bendrijos duomenys: PirmininkasK\u0119stutis PalujanskasTel.: 0 666 09990e. pa\u0161tas: zeimiu6a@gmail.com \u012emon\u0117s kodas: 301425562Atsiskaitomoji s\u0105skaita: LT13 7300 0101 0599 4050 \u00a0 Pastato \u0161ildymo ir kar\u0161to vandens sistem\u0173 prie\u017ei\u016br\u0105 vykdo \u2013 UAB \u201e\u0160iauli\u0173 administratorius\u201c. Atsakingas asmuo &#8211; Algirdas\u00a0 (telf.: 0-678 49910) Statinio technin\u0119 prie\u017ei\u016br\u0105 vykdo\u00a0 &#8211; Vilma Mockaitien\u0117 (telf.: 0-615 17402)<\/p>\n","protected":false},"author":1,"featured_media":0,"parent":0,"menu_order":1,"comment_status":"closed","ping_status":"closed","template":"","meta":{"footnotes":"","_links_to":"","_links_to_target":""},"class_list":["post-2","page","type-page","status-publish","hentry","gallery-content-unit"],"_links":{"self":[{"href":"https:\/\/gluosnis.eu\/index.php?rest_route=\/wp\/v2\/pages\/2","targetHints":{"allow":["GET"]}}],"collection":[{"href":"https:\/\/gluosnis.eu\/index.php?rest_route=\/wp\/v2\/pages"}],"about":[{"href":"https:\/\/gluosnis.eu\/index.php?rest_route=\/wp\/v2\/types\/page"}],"author":[{"embeddable":true,"href":"https:\/\/gluosnis.eu\/index.php?rest_route=\/wp\/v2\/users\/1"}],"replies":[{"embeddable":true,"href":"https:\/\/gluosnis.eu\/index.php?rest_route=%2Fwp%2Fv2%2Fcomments&post=2"}],"version-history":[{"count":19,"href":"https:\/\/gluosnis.eu\/index.php?rest_route=\/wp\/v2\/pages\/2\/revisions"}],"predecessor-version":[{"id":2293,"href":"https:\/\/gluosnis.eu\/index.php?rest_route=\/wp\/v2\/pages\/2\/revisions\/2293"}],"wp:attachment":[{"href":"https:\/\/gluosnis.eu\/index.php?rest_route=%2Fwp%2Fv2%2Fmedia&parent=2"}],"curies":[{"name":"wp","href":"https:\/\/api.w.org\/{rel}","templated":true}]}}