{"id":1479,"date":"2019-12-17T00:03:28","date_gmt":"2019-12-17T00:03:28","guid":{"rendered":"https:\/\/gluosnis.eu\/?page_id=1479"},"modified":"2025-07-30T09:10:36","modified_gmt":"2025-07-30T09:10:36","slug":"aktualu","status":"publish","type":"page","link":"https:\/\/gluosnis.eu\/?page_id=1479","title":{"rendered":"Aktualu"},"content":{"rendered":"\n<h2 class=\"wp-block-heading\">Svarb\u016bs telefonai:<\/h2>\n\n\n\n<p><\/p>\n\n\n\n<p>\u201e\u0160iauli\u0173 vandenys\u201c <strong>avarin\u0117<\/strong>: 041524442<\/p>\n\n\n\n<p>AB &#8222;\u0160iauli\u0173 energija&#8221; <strong>avarin\u0117<\/strong>: 041591214<\/p>\n\n\n\n<p>\u201ePaspirtis\u201c: 061450702 (<strong>avarin\u0117 tarnyba<\/strong> (kanalizacijos gedimai) \u2013 jei avarija nebendruose tinkluose u\u017e paslaugas turi apmok\u0117ti kaltininkas).<\/p>\n\n\n\n<p>Padeda i\u0161kilus <strong>problemoms su langais, durimis <\/strong>(reguliuoja, atlieka profilaktik\u0105 ir k.t.) \u2013 061207045 (kaimynas).<\/p>\n\n\n\n<p><\/p>\n","protected":false},"excerpt":{"rendered":"<p>Svarb\u016bs telefonai: \u201e\u0160iauli\u0173 vandenys\u201c avarin\u0117: 041524442 AB &#8222;\u0160iauli\u0173 energija&#8221; avarin\u0117: 041591214 \u201ePaspirtis\u201c: 061450702 (avarin\u0117 tarnyba (kanalizacijos gedimai) \u2013 jei avarija nebendruose tinkluose u\u017e paslaugas turi apmok\u0117ti kaltininkas). Padeda i\u0161kilus problemoms su langais, durimis (reguliuoja, atlieka profilaktik\u0105 ir k.t.) \u2013 061207045 (kaimynas).<\/p>\n","protected":false},"author":1,"featured_media":0,"parent":0,"menu_order":5,"comment_status":"closed","ping_status":"closed","template":"","meta":{"footnotes":"","_links_to":"","_links_to_target":""},"class_list":["post-1479","page","type-page","status-publish","hentry","gallery-content-unit"],"_links":{"self":[{"href":"https:\/\/gluosnis.eu\/index.php?rest_route=\/wp\/v2\/pages\/1479","targetHints":{"allow":["GET"]}}],"collection":[{"href":"https:\/\/gluosnis.eu\/index.php?rest_route=\/wp\/v2\/pages"}],"about":[{"href":"https:\/\/gluosnis.eu\/index.php?rest_route=\/wp\/v2\/types\/page"}],"author":[{"embeddable":true,"href":"https:\/\/gluosnis.eu\/index.php?rest_route=\/wp\/v2\/users\/1"}],"replies":[{"embeddable":true,"href":"https:\/\/gluosnis.eu\/index.php?rest_route=%2Fwp%2Fv2%2Fcomments&post=1479"}],"version-history":[{"count":7,"href":"https:\/\/gluosnis.eu\/index.php?rest_route=\/wp\/v2\/pages\/1479\/revisions"}],"predecessor-version":[{"id":2324,"href":"https:\/\/gluosnis.eu\/index.php?rest_route=\/wp\/v2\/pages\/1479\/revisions\/2324"}],"wp:attachment":[{"href":"https:\/\/gluosnis.eu\/index.php?rest_route=%2Fwp%2Fv2%2Fmedia&parent=1479"}],"curies":[{"name":"wp","href":"https:\/\/api.w.org\/{rel}","templated":true}]}}